{"id":783,"date":"2021-10-19T13:54:16","date_gmt":"2021-10-19T11:54:16","guid":{"rendered":"http:\/\/www.maisongesbert.com\/web\/?page_id=783"},"modified":"2023-02-28T08:26:52","modified_gmt":"2023-02-28T07:26:52","slug":"nous-contacter","status":"publish","type":"page","link":"https:\/\/www.maisongesbert.com\/web\/nous-contacter\/","title":{"rendered":"Nous contacter"},"content":{"rendered":"\t\t<div data-elementor-type=\"wp-page\" data-elementor-id=\"783\" class=\"elementor elementor-783\" data-elementor-settings=\"[]\">\n\t\t\t\t\t\t\t<div class=\"elementor-section-wrap\">\n\t\t\t\t\t\t\t<section class=\"elementor-section elementor-top-section elementor-element elementor-element-340a49a1 elementor-section-content-middle elementor-section-boxed elementor-section-height-default elementor-section-height-default\" data-id=\"340a49a1\" data-element_type=\"section\">\n\t\t\t\t\t\t<div class=\"elementor-container elementor-column-gap-default\">\n\t\t\t\t\t<div class=\"elementor-column elementor-col-50 elementor-top-column elementor-element elementor-element-7d334053\" data-id=\"7d334053\" data-element_type=\"column\">\n\t\t\t<div class=\"elementor-widget-wrap elementor-element-populated\">\n\t\t\t\t\t\t\t\t<div class=\"elementor-element elementor-element-50bbcacb elementor-widget elementor-widget-heading\" data-id=\"50bbcacb\" data-element_type=\"widget\" data-widget_type=\"heading.default\">\n\t\t\t\t<div class=\"elementor-widget-container\">\n\t\t\t<h2 class=\"elementor-heading-title elementor-size-large\">NOUS CONTACTER<\/h2>\t\t<\/div>\n\t\t\t\t<\/div>\n\t\t\t\t<div class=\"elementor-element elementor-element-6a047342 elementor-widget-divider--view-line elementor-widget elementor-widget-divider\" data-id=\"6a047342\" data-element_type=\"widget\" data-widget_type=\"divider.default\">\n\t\t\t\t<div class=\"elementor-widget-container\">\n\t\t\t\t\t<div class=\"elementor-divider\">\n\t\t\t<span class=\"elementor-divider-separator\">\n\t\t\t\t\t\t<\/span>\n\t\t<\/div>\n\t\t\t\t<\/div>\n\t\t\t\t<\/div>\n\t\t\t\t<div class=\"elementor-element elementor-element-93a1147 elementor-icon-list--layout-traditional elementor-list-item-link-full_width elementor-widget elementor-widget-icon-list\" data-id=\"93a1147\" data-element_type=\"widget\" data-widget_type=\"icon-list.default\">\n\t\t\t\t<div class=\"elementor-widget-container\">\n\t\t\t\t\t<ul class=\"elementor-icon-list-items\">\n\t\t\t\t\t\t\t<li class=\"elementor-icon-list-item\">\n\t\t\t\t\t\t\t\t\t\t\t<span class=\"elementor-icon-list-icon\">\n\t\t\t\t\t\t\t<i aria-hidden=\"true\" class=\"fas fa-map-marker-alt\"><\/i>\t\t\t\t\t\t<\/span>\n\t\t\t\t\t\t\t\t\t\t<span class=\"elementor-icon-list-text\">5 Rue Pierre Gillouard, 35340 La Bou\u00ebxi\u00e8re<\/span>\n\t\t\t\t\t\t\t\t\t<\/li>\n\t\t\t\t\t\t\t\t<li class=\"elementor-icon-list-item\">\n\t\t\t\t\t\t\t\t\t\t\t<a href=\"http:\/\/contact@maisongesbert.com\/\">\n\n\t\t\t\t\t\t\t\t\t\t\t\t<span class=\"elementor-icon-list-icon\">\n\t\t\t\t\t\t\t<i aria-hidden=\"true\" class=\"fas fa-envelope-square\"><\/i>\t\t\t\t\t\t<\/span>\n\t\t\t\t\t\t\t\t\t\t<span class=\"elementor-icon-list-text\">http:\/\/contact@maisongesbert.com\/<\/span>\n\t\t\t\t\t\t\t\t\t\t\t<\/a>\n\t\t\t\t\t\t\t\t\t<\/li>\n\t\t\t\t\t\t\t\t<li class=\"elementor-icon-list-item\">\n\t\t\t\t\t\t\t\t\t\t\t<span class=\"elementor-icon-list-icon\">\n\t\t\t\t\t\t\t<i aria-hidden=\"true\" class=\"fas fa-phone-square\"><\/i>\t\t\t\t\t\t<\/span>\n\t\t\t\t\t\t\t\t\t\t<span class=\"elementor-icon-list-text\">02 99 62 62 63<\/span>\n\t\t\t\t\t\t\t\t\t<\/li>\n\t\t\t\t\t\t<\/ul>\n\t\t\t\t<\/div>\n\t\t\t\t<\/div>\n\t\t\t\t\t<\/div>\n\t\t<\/div>\n\t\t\t\t<div class=\"elementor-column elementor-col-50 elementor-top-column elementor-element elementor-element-14afab5\" data-id=\"14afab5\" data-element_type=\"column\">\n\t\t\t<div class=\"elementor-widget-wrap elementor-element-populated\">\n\t\t\t\t\t\t\t\t<div class=\"elementor-element elementor-element-5340dac3 elementor-widget elementor-widget-google_maps\" data-id=\"5340dac3\" data-element_type=\"widget\" data-widget_type=\"google_maps.default\">\n\t\t\t\t<div class=\"elementor-widget-container\">\n\t\t\t\t\t<div class=\"elementor-custom-embed\">\n\t\t\t<iframe frameborder=\"0\" scrolling=\"no\" marginheight=\"0\" marginwidth=\"0\"\n\t\t\t\t\tsrc=\"https:\/\/maps.google.com\/maps?q=Maison%20Gesbert&#038;t=m&#038;z=10&#038;output=embed&#038;iwloc=near\"\n\t\t\t\t\ttitle=\"Maison Gesbert\"\n\t\t\t\t\taria-label=\"Maison Gesbert\"\n\t\t\t><\/iframe>\n\t\t<\/div>\n\t\t\t\t<\/div>\n\t\t\t\t<\/div>\n\t\t\t\t\t<\/div>\n\t\t<\/div>\n\t\t\t\t\t\t\t<\/div>\n\t\t<\/section>\n\t\t\t\t<section class=\"elementor-section elementor-top-section elementor-element elementor-element-73b6226 elementor-section-boxed elementor-section-height-default elementor-section-height-default\" data-id=\"73b6226\" data-element_type=\"section\" data-settings=\"{&quot;background_background&quot;:&quot;classic&quot;}\">\n\t\t\t\t\t\t<div class=\"elementor-container elementor-column-gap-default\">\n\t\t\t\t\t<div class=\"elementor-column elementor-col-33 elementor-top-column elementor-element elementor-element-3a5ec6a\" data-id=\"3a5ec6a\" data-element_type=\"column\">\n\t\t\t<div class=\"elementor-widget-wrap elementor-element-populated\">\n\t\t\t\t\t\t\t\t<div class=\"elementor-element elementor-element-183ba73 elementor-widget elementor-widget-image\" data-id=\"183ba73\" data-element_type=\"widget\" data-widget_type=\"image.default\">\n\t\t\t\t<div class=\"elementor-widget-container\">\n\t\t\t\t\t\t\t\t\t\t\t\t\t\t\t<img loading=\"lazy\" decoding=\"async\" width=\"425\" height=\"267\" src=\"https:\/\/www.maisongesbert.com\/web\/wp-content\/uploads\/2021\/10\/La-Bouexiere-1.jpg\" class=\"attachment-large size-large\" alt=\"\" srcset=\"https:\/\/www.maisongesbert.com\/web\/wp-content\/uploads\/2021\/10\/La-Bouexiere-1.jpg 425w, https:\/\/www.maisongesbert.com\/web\/wp-content\/uploads\/2021\/10\/La-Bouexiere-1-300x188.jpg 300w\" sizes=\"(max-width: 425px) 100vw, 425px\" \/>\t\t\t\t\t\t\t\t\t\t\t\t\t\t\t<\/div>\n\t\t\t\t<\/div>\n\t\t\t\t\t<\/div>\n\t\t<\/div>\n\t\t\t\t<div class=\"elementor-column elementor-col-33 elementor-top-column elementor-element elementor-element-12ab6ab\" data-id=\"12ab6ab\" data-element_type=\"column\">\n\t\t\t<div class=\"elementor-widget-wrap\">\n\t\t\t\t\t\t\t\t\t<\/div>\n\t\t<\/div>\n\t\t\t\t<div class=\"elementor-column elementor-col-33 elementor-top-column elementor-element elementor-element-42fa8ad\" data-id=\"42fa8ad\" data-element_type=\"column\">\n\t\t\t<div class=\"elementor-widget-wrap elementor-element-populated\">\n\t\t\t\t\t\t\t\t<div class=\"elementor-element elementor-element-f5a88a2 elementor-widget elementor-widget-image\" data-id=\"f5a88a2\" data-element_type=\"widget\" data-widget_type=\"image.default\">\n\t\t\t\t<div class=\"elementor-widget-container\">\n\t\t\t\t\t\t\t\t\t\t\t\t\t\t\t<img loading=\"lazy\" decoding=\"async\" width=\"500\" height=\"375\" src=\"https:\/\/www.maisongesbert.com\/web\/wp-content\/uploads\/2021\/10\/Saint-Aubin-du-Cormier.jpg\" class=\"attachment-large size-large\" alt=\"\" srcset=\"https:\/\/www.maisongesbert.com\/web\/wp-content\/uploads\/2021\/10\/Saint-Aubin-du-Cormier.jpg 500w, https:\/\/www.maisongesbert.com\/web\/wp-content\/uploads\/2021\/10\/Saint-Aubin-du-Cormier-300x225.jpg 300w\" sizes=\"(max-width: 500px) 100vw, 500px\" \/>\t\t\t\t\t\t\t\t\t\t\t\t\t\t\t<\/div>\n\t\t\t\t<\/div>\n\t\t\t\t\t<\/div>\n\t\t<\/div>\n\t\t\t\t\t\t\t<\/div>\n\t\t<\/section>\n\t\t\t\t<section class=\"elementor-section elementor-top-section elementor-element elementor-element-5429cb6 elementor-section-boxed elementor-section-height-default elementor-section-height-default\" data-id=\"5429cb6\" data-element_type=\"section\">\n\t\t\t\t\t\t<div class=\"elementor-container elementor-column-gap-default\">\n\t\t\t\t\t<div class=\"elementor-column elementor-col-33 elementor-top-column elementor-element elementor-element-4b0e9ea\" data-id=\"4b0e9ea\" data-element_type=\"column\">\n\t\t\t<div class=\"elementor-widget-wrap elementor-element-populated\">\n\t\t\t\t\t\t\t\t<div class=\"elementor-element elementor-element-8c6e522 elementor-widget elementor-widget-heading\" data-id=\"8c6e522\" data-element_type=\"widget\" data-widget_type=\"heading.default\">\n\t\t\t\t<div class=\"elementor-widget-container\">\n\t\t\t<h6 class=\"elementor-heading-title elementor-size-medium\"><header style=\"font-style: normal; font-variant-ligatures: normal; font-variant-caps: normal; font-weight: 400; font-size: 14px; font-family: &quot;Droid Serif&quot;, Georgia, serif; color: rgb(120, 120, 120); letter-spacing: normal; text-align: center; text-transform: none; white-space: normal;\"><h3>LA BOU\u00cbXI\u00c8RE<\/h3><h4><span style=\"color: rgb(120, 120, 120); font-family: &quot;Droid Serif&quot;, Georgia, serif; font-size: 14px; font-style: normal; font-variant-ligatures: normal; font-variant-caps: normal; font-weight: 400; letter-spacing: normal; text-transform: none;\">5 Rue Pierre Gillouard, 35340 La Bou\u00ebxi\u00e8re<\/span><br><\/h4><\/header><div style=\"font-style: normal; font-variant-ligatures: normal; font-variant-caps: normal; font-weight: 400; font-size: 14px; font-family: &quot;Droid Serif&quot;, Georgia, serif; color: rgb(120, 120, 120); letter-spacing: normal; text-align: center; text-transform: none; white-space: normal;\"><p>T\u00e9l\u00e9phone : 02 99 62 62 63<\/p><\/div><\/h6>\t\t<\/div>\n\t\t\t\t<\/div>\n\t\t\t\t\t<\/div>\n\t\t<\/div>\n\t\t\t\t<div class=\"elementor-column elementor-col-33 elementor-top-column elementor-element elementor-element-ba53ed4\" data-id=\"ba53ed4\" data-element_type=\"column\">\n\t\t\t<div class=\"elementor-widget-wrap elementor-element-populated\">\n\t\t\t\t\t\t\t\t\t<\/div>\n\t\t<\/div>\n\t\t\t\t<div class=\"elementor-column elementor-col-33 elementor-top-column elementor-element elementor-element-2025c7a\" data-id=\"2025c7a\" data-element_type=\"column\">\n\t\t\t<div class=\"elementor-widget-wrap elementor-element-populated\">\n\t\t\t\t\t\t\t\t<div class=\"elementor-element elementor-element-dfd7561 elementor-widget elementor-widget-heading\" data-id=\"dfd7561\" data-element_type=\"widget\" data-widget_type=\"heading.default\">\n\t\t\t\t<div class=\"elementor-widget-container\">\n\t\t\t<h2 class=\"elementor-heading-title elementor-size-default\"><header style=\"font-style: normal; font-variant-ligatures: normal; font-variant-caps: normal; font-weight: 400; font-size: 14px; font-family: &quot;Droid Serif&quot;, Georgia, serif; color: rgb(120, 120, 120); letter-spacing: normal; text-align: center; text-transform: none; white-space: normal;\"><h3>SAINT AUBIN DU CORMIER<\/h3><h4><span style=\"color: rgb(120, 120, 120); font-family: &quot;Droid Serif&quot;, Georgia, serif; font-size: 14px; font-style: normal; font-variant-ligatures: normal; font-variant-caps: normal; font-weight: 400; letter-spacing: normal; text-transform: none;\">20 r Ecu, 35140 SAINT AUBIN DU CORMIER<\/span><br><\/h4><\/header><div style=\"font-style: normal; font-variant-ligatures: normal; font-variant-caps: normal; font-weight: 400; font-size: 14px; font-family: &quot;Droid Serif&quot;, Georgia, serif; color: rgb(120, 120, 120); letter-spacing: normal; text-align: center; text-transform: none; white-space: normal;\"><p>T\u00e9l\u00e9phone : 02 99 39 25 42<\/p><\/div><\/h2>\t\t<\/div>\n\t\t\t\t<\/div>\n\t\t\t\t\t<\/div>\n\t\t<\/div>\n\t\t\t\t\t\t\t<\/div>\n\t\t<\/section>\n\t\t\t\t\t\t<\/div>\n\t\t\t\t\t<\/div>\n\t\t","protected":false},"excerpt":{"rendered":"<p>NOUS CONTACTER 5 Rue Pierre Gillouard, 35340 La Bou\u00ebxi\u00e8re http:\/\/contact@maisongesbert.com\/ 02 99 62 62 63 LA BOU\u00cbXI\u00c8RE 5 Rue Pierre Gillouard, 35340 La Bou\u00ebxi\u00e8re T\u00e9l\u00e9phone &hellip; <a class=\"recipe-more-link\" href=\"https:\/\/www.maisongesbert.com\/web\/nous-contacter\/\">En savoir plus<\/a><\/p>\n","protected":false},"author":1,"featured_media":662,"parent":0,"menu_order":0,"comment_status":"closed","ping_status":"closed","template":"elementor_header_footer","meta":{"footnotes":""},"_links":{"self":[{"href":"https:\/\/www.maisongesbert.com\/web\/wp-json\/wp\/v2\/pages\/783"}],"collection":[{"href":"https:\/\/www.maisongesbert.com\/web\/wp-json\/wp\/v2\/pages"}],"about":[{"href":"https:\/\/www.maisongesbert.com\/web\/wp-json\/wp\/v2\/types\/page"}],"author":[{"embeddable":true,"href":"https:\/\/www.maisongesbert.com\/web\/wp-json\/wp\/v2\/users\/1"}],"replies":[{"embeddable":true,"href":"https:\/\/www.maisongesbert.com\/web\/wp-json\/wp\/v2\/comments?post=783"}],"version-history":[{"count":3,"href":"https:\/\/www.maisongesbert.com\/web\/wp-json\/wp\/v2\/pages\/783\/revisions"}],"predecessor-version":[{"id":1527,"href":"https:\/\/www.maisongesbert.com\/web\/wp-json\/wp\/v2\/pages\/783\/revisions\/1527"}],"wp:featuredmedia":[{"embeddable":true,"href":"https:\/\/www.maisongesbert.com\/web\/wp-json\/wp\/v2\/media\/662"}],"wp:attachment":[{"href":"https:\/\/www.maisongesbert.com\/web\/wp-json\/wp\/v2\/media?parent=783"}],"curies":[{"name":"wp","href":"https:\/\/api.w.org\/{rel}","templated":true}]}}